{"id":118,"date":"2024-06-27T11:21:19","date_gmt":"2024-06-27T11:21:19","guid":{"rendered":"https:\/\/amalurraestetika.rkinformatika.online\/?page_id=118"},"modified":"2024-07-16T16:10:42","modified_gmt":"2024-07-16T16:10:42","slug":"tratamientos-faciales","status":"publish","type":"page","link":"https:\/\/amalurraestetika.com\/eus\/tratamientos-faciales\/","title":{"rendered":"Aurpegiko tratamenduak"},"content":{"rendered":"<div data-elementor-type=\"wp-page\" data-elementor-id=\"118\" class=\"elementor elementor-118\" data-elementor-post-type=\"page\">\n\t\t\t\t\t\t<section class=\"elementor-section elementor-top-section elementor-element elementor-element-a24feaa elementor-section-boxed elementor-section-height-default elementor-section-height-default\" data-id=\"a24feaa\" data-element_type=\"section\" data-e-type=\"section\" data-settings=\"{&quot;background_background&quot;:&quot;classic&quot;}\">\n\t\t\t\t\t\t\t<div class=\"elementor-background-overlay\"><\/div>\n\t\t\t\t\t\t\t<div class=\"elementor-container elementor-column-gap-default\">\n\t\t\t\t\t<div class=\"elementor-column elementor-col-100 elementor-top-column elementor-element elementor-element-a84c4aa\" data-id=\"a84c4aa\" data-element_type=\"column\" data-e-type=\"column\">\n\t\t\t<div class=\"elementor-widget-wrap\">\n\t\t\t\t\t\t\t<\/div>\n\t\t<\/div>\n\t\t\t\t\t<\/div>\n\t\t<\/section>\n\t\t<div class=\"elementor-element elementor-element-43f32c4 e-flex e-con-boxed e-con e-parent\" data-id=\"43f32c4\" data-element_type=\"container\" data-e-type=\"container\" data-settings=\"{&quot;background_background&quot;:&quot;classic&quot;}\">\n\t\t\t\t\t<div class=\"e-con-inner\">\n\t\t<div class=\"elementor-element elementor-element-2050760 e-con-full e-flex e-con e-child\" data-id=\"2050760\" data-element_type=\"container\" data-e-type=\"container\">\n\t\t\t\t<div class=\"elementor-element elementor-element-d68cf36 elementor-widget elementor-widget-image\" data-id=\"d68cf36\" data-element_type=\"widget\" data-e-type=\"widget\" data-widget_type=\"image.default\">\n\t\t\t\t<div class=\"elementor-widget-container\">\n\t\t\t\t\t\t\t\t\t\t\t\t\t\t\t<img fetchpriority=\"high\" decoding=\"async\" width=\"800\" height=\"533\" src=\"https:\/\/amalurraestetika.com\/wp-content\/uploads\/2024\/07\/skillful-cosmetology-specialist-putting-lotion-on-face-of-a-man-1024x682.jpg\" class=\"attachment-large size-large wp-image-641\" alt=\"Skillful cosmetology specialist putting lotion on face of a man\" srcset=\"https:\/\/amalurraestetika.com\/wp-content\/uploads\/2024\/07\/skillful-cosmetology-specialist-putting-lotion-on-face-of-a-man-1024x682.jpg 1024w, https:\/\/amalurraestetika.com\/wp-content\/uploads\/2024\/07\/skillful-cosmetology-specialist-putting-lotion-on-face-of-a-man-300x200.jpg 300w, https:\/\/amalurraestetika.com\/wp-content\/uploads\/2024\/07\/skillful-cosmetology-specialist-putting-lotion-on-face-of-a-man-768x512.jpg 768w, https:\/\/amalurraestetika.com\/wp-content\/uploads\/2024\/07\/skillful-cosmetology-specialist-putting-lotion-on-face-of-a-man-1536x1024.jpg 1536w, https:\/\/amalurraestetika.com\/wp-content\/uploads\/2024\/07\/skillful-cosmetology-specialist-putting-lotion-on-face-of-a-man-18x12.jpg 18w, https:\/\/amalurraestetika.com\/wp-content\/uploads\/2024\/07\/skillful-cosmetology-specialist-putting-lotion-on-face-of-a-man-600x400.jpg 600w, https:\/\/amalurraestetika.com\/wp-content\/uploads\/2024\/07\/skillful-cosmetology-specialist-putting-lotion-on-face-of-a-man.jpg 2000w\" sizes=\"(max-width: 800px) 100vw, 800px\" \/>\t\t\t\t\t\t\t\t\t\t\t\t\t\t\t<\/div>\n\t\t\t\t<\/div>\n\t\t\t\t<div class=\"elementor-element elementor-element-e9ab8e3 elementor-widget elementor-widget-heading\" data-id=\"e9ab8e3\" data-element_type=\"widget\" data-e-type=\"widget\" data-widget_type=\"heading.default\">\n\t\t\t\t<div class=\"elementor-widget-container\">\n\t\t\t\t\t<h2 class=\"elementor-heading-title elementor-size-default\">Xirimiri<\/h2>\t\t\t\t<\/div>\n\t\t\t\t<\/div>\n\t\t\t\t<div class=\"elementor-element elementor-element-586def1 elementor-widget elementor-widget-heading\" data-id=\"586def1\" data-element_type=\"widget\" data-e-type=\"widget\" data-widget_type=\"heading.default\">\n\t\t\t\t<div class=\"elementor-widget-container\">\n\t\t\t\t\t<h2 class=\"elementor-heading-title elementor-size-default\">45\u20ac \/ 50min<\/h2>\t\t\t\t<\/div>\n\t\t\t\t<\/div>\n\t\t\t\t<\/div>\n\t\t<div class=\"elementor-element elementor-element-7185449 e-con-full e-flex e-con e-child\" data-id=\"7185449\" data-element_type=\"container\" data-e-type=\"container\">\n\t\t\t\t<div class=\"elementor-element elementor-element-a150d27 elementor-widget elementor-widget-image\" data-id=\"a150d27\" data-element_type=\"widget\" data-e-type=\"widget\" data-widget_type=\"image.default\">\n\t\t\t\t<div class=\"elementor-widget-container\">\n\t\t\t\t\t\t\t\t\t\t\t\t\t\t\t<img decoding=\"async\" width=\"800\" height=\"533\" src=\"https:\/\/amalurraestetika.com\/wp-content\/uploads\/2024\/07\/bearded-man-getting-face-treatment-at-spa-salon-1024x682.jpg\" class=\"attachment-large size-large wp-image-639\" alt=\"Bearded man getting face treatment at spa salon\" srcset=\"https:\/\/amalurraestetika.com\/wp-content\/uploads\/2024\/07\/bearded-man-getting-face-treatment-at-spa-salon-1024x682.jpg 1024w, https:\/\/amalurraestetika.com\/wp-content\/uploads\/2024\/07\/bearded-man-getting-face-treatment-at-spa-salon-300x200.jpg 300w, https:\/\/amalurraestetika.com\/wp-content\/uploads\/2024\/07\/bearded-man-getting-face-treatment-at-spa-salon-768x512.jpg 768w, https:\/\/amalurraestetika.com\/wp-content\/uploads\/2024\/07\/bearded-man-getting-face-treatment-at-spa-salon-1536x1024.jpg 1536w, https:\/\/amalurraestetika.com\/wp-content\/uploads\/2024\/07\/bearded-man-getting-face-treatment-at-spa-salon-18x12.jpg 18w, https:\/\/amalurraestetika.com\/wp-content\/uploads\/2024\/07\/bearded-man-getting-face-treatment-at-spa-salon-600x400.jpg 600w, https:\/\/amalurraestetika.com\/wp-content\/uploads\/2024\/07\/bearded-man-getting-face-treatment-at-spa-salon.jpg 2000w\" sizes=\"(max-width: 800px) 100vw, 800px\" \/>\t\t\t\t\t\t\t\t\t\t\t\t\t\t\t<\/div>\n\t\t\t\t<\/div>\n\t\t\t\t<div class=\"elementor-element elementor-element-5e2e3d1 elementor-widget elementor-widget-heading\" data-id=\"5e2e3d1\" data-element_type=\"widget\" data-e-type=\"widget\" data-widget_type=\"heading.default\">\n\t\t\t\t<div class=\"elementor-widget-container\">\n\t\t\t\t\t<h2 class=\"elementor-heading-title elementor-size-default\">Arnasa<\/h2>\t\t\t\t<\/div>\n\t\t\t\t<\/div>\n\t\t\t\t<div class=\"elementor-element elementor-element-c3ce938 elementor-widget elementor-widget-heading\" data-id=\"c3ce938\" data-element_type=\"widget\" data-e-type=\"widget\" data-widget_type=\"heading.default\">\n\t\t\t\t<div class=\"elementor-widget-container\">\n\t\t\t\t\t<h2 class=\"elementor-heading-title elementor-size-default\">50\u20ac \/1h<\/h2>\t\t\t\t<\/div>\n\t\t\t\t<\/div>\n\t\t\t\t<\/div>\n\t\t<div class=\"elementor-element elementor-element-0115f1f e-con-full e-flex e-con e-child\" data-id=\"0115f1f\" data-element_type=\"container\" data-e-type=\"container\">\n\t\t\t\t<div class=\"elementor-element elementor-element-29f1a0e elementor-widget elementor-widget-image\" data-id=\"29f1a0e\" data-element_type=\"widget\" data-e-type=\"widget\" data-widget_type=\"image.default\">\n\t\t\t\t<div class=\"elementor-widget-container\">\n\t\t\t\t\t\t\t\t\t\t\t\t\t\t\t<img decoding=\"async\" width=\"800\" height=\"532\" src=\"https:\/\/amalurraestetika.com\/wp-content\/uploads\/2024\/07\/top-view-of-beauty-procedure-therapist-applying-green-face-mask-on-the-face-of-a-beautiful-1024x681.jpg\" class=\"attachment-large size-large wp-image-640\" alt=\"Top view of beauty procedure, therapist applying green face mask on the face of a beautiful\" srcset=\"https:\/\/amalurraestetika.com\/wp-content\/uploads\/2024\/07\/top-view-of-beauty-procedure-therapist-applying-green-face-mask-on-the-face-of-a-beautiful-1024x681.jpg 1024w, https:\/\/amalurraestetika.com\/wp-content\/uploads\/2024\/07\/top-view-of-beauty-procedure-therapist-applying-green-face-mask-on-the-face-of-a-beautiful-300x200.jpg 300w, https:\/\/amalurraestetika.com\/wp-content\/uploads\/2024\/07\/top-view-of-beauty-procedure-therapist-applying-green-face-mask-on-the-face-of-a-beautiful-768x511.jpg 768w, https:\/\/amalurraestetika.com\/wp-content\/uploads\/2024\/07\/top-view-of-beauty-procedure-therapist-applying-green-face-mask-on-the-face-of-a-beautiful-1536x1022.jpg 1536w, https:\/\/amalurraestetika.com\/wp-content\/uploads\/2024\/07\/top-view-of-beauty-procedure-therapist-applying-green-face-mask-on-the-face-of-a-beautiful-18x12.jpg 18w, https:\/\/amalurraestetika.com\/wp-content\/uploads\/2024\/07\/top-view-of-beauty-procedure-therapist-applying-green-face-mask-on-the-face-of-a-beautiful-600x399.jpg 600w, https:\/\/amalurraestetika.com\/wp-content\/uploads\/2024\/07\/top-view-of-beauty-procedure-therapist-applying-green-face-mask-on-the-face-of-a-beautiful.jpg 2000w\" sizes=\"(max-width: 800px) 100vw, 800px\" \/>\t\t\t\t\t\t\t\t\t\t\t\t\t\t\t<\/div>\n\t\t\t\t<\/div>\n\t\t\t\t<div class=\"elementor-element elementor-element-e42fc99 elementor-widget elementor-widget-heading\" data-id=\"e42fc99\" data-element_type=\"widget\" data-e-type=\"widget\" data-widget_type=\"heading.default\">\n\t\t\t\t<div class=\"elementor-widget-container\">\n\t\t\t\t\t<h2 class=\"elementor-heading-title elementor-size-default\">Ni neu<\/h2>\t\t\t\t<\/div>\n\t\t\t\t<\/div>\n\t\t\t\t<div class=\"elementor-element elementor-element-8d9837a elementor-widget elementor-widget-heading\" data-id=\"8d9837a\" data-element_type=\"widget\" data-e-type=\"widget\" data-widget_type=\"heading.default\">\n\t\t\t\t<div class=\"elementor-widget-container\">\n\t\t\t\t\t<h2 class=\"elementor-heading-title elementor-size-default\">60\u20ac \/ 1h 15min<\/h2>\t\t\t\t<\/div>\n\t\t\t\t<\/div>\n\t\t\t\t<\/div>\n\t\t<div class=\"elementor-element elementor-element-7472517 e-con-full e-flex e-con e-child\" data-id=\"7472517\" data-element_type=\"container\" data-e-type=\"container\">\n\t\t\t\t<div class=\"elementor-element elementor-element-dc703e9 elementor-widget elementor-widget-image\" data-id=\"dc703e9\" data-element_type=\"widget\" data-e-type=\"widget\" data-widget_type=\"image.default\">\n\t\t\t\t<div class=\"elementor-widget-container\">\n\t\t\t\t\t\t\t\t\t\t\t\t\t\t\t<img loading=\"lazy\" decoding=\"async\" width=\"800\" height=\"533\" src=\"https:\/\/amalurraestetika.com\/wp-content\/uploads\/2024\/07\/anti-aging-face-treatment-1024x682.jpg\" class=\"attachment-large size-large wp-image-638\" alt=\"Anti-aging Face Treatment\" srcset=\"https:\/\/amalurraestetika.com\/wp-content\/uploads\/2024\/07\/anti-aging-face-treatment-1024x682.jpg 1024w, https:\/\/amalurraestetika.com\/wp-content\/uploads\/2024\/07\/anti-aging-face-treatment-300x200.jpg 300w, https:\/\/amalurraestetika.com\/wp-content\/uploads\/2024\/07\/anti-aging-face-treatment-768x512.jpg 768w, https:\/\/amalurraestetika.com\/wp-content\/uploads\/2024\/07\/anti-aging-face-treatment-1536x1024.jpg 1536w, https:\/\/amalurraestetika.com\/wp-content\/uploads\/2024\/07\/anti-aging-face-treatment-18x12.jpg 18w, https:\/\/amalurraestetika.com\/wp-content\/uploads\/2024\/07\/anti-aging-face-treatment-600x400.jpg 600w, https:\/\/amalurraestetika.com\/wp-content\/uploads\/2024\/07\/anti-aging-face-treatment.jpg 2000w\" sizes=\"(max-width: 800px) 100vw, 800px\" \/>\t\t\t\t\t\t\t\t\t\t\t\t\t\t\t<\/div>\n\t\t\t\t<\/div>\n\t\t\t\t<div class=\"elementor-element elementor-element-474d3bd elementor-widget elementor-widget-heading\" data-id=\"474d3bd\" data-element_type=\"widget\" data-e-type=\"widget\" data-widget_type=\"heading.default\">\n\t\t\t\t<div class=\"elementor-widget-container\">\n\t\t\t\t\t<h2 class=\"elementor-heading-title elementor-size-default\">Urte askotarako<\/h2>\t\t\t\t<\/div>\n\t\t\t\t<\/div>\n\t\t\t\t<div class=\"elementor-element elementor-element-118de01 elementor-widget elementor-widget-heading\" data-id=\"118de01\" data-element_type=\"widget\" data-e-type=\"widget\" data-widget_type=\"heading.default\">\n\t\t\t\t<div class=\"elementor-widget-container\">\n\t\t\t\t\t<h2 class=\"elementor-heading-title elementor-size-default\">70\u20ac \/1h 30min<\/h2>\t\t\t\t<\/div>\n\t\t\t\t<\/div>\n\t\t\t\t<\/div>\n\t\t\t\t\t<\/div>\n\t\t\t\t<\/div>\n\t\t\t\t<\/div>","protected":false},"excerpt":{"rendered":"<p>Xirimiri 45\u20ac \/ 50min Arnasa 50\u20ac \/1h Ni neu 60\u20ac \/ 1h 15min Urte askotarako 70\u20ac \/1h 30min<\/p>","protected":false},"author":1,"featured_media":0,"parent":0,"menu_order":0,"comment_status":"closed","ping_status":"closed","template":"elementor_canvas","meta":{"footnotes":""},"class_list":["post-118","page","type-page","status-publish","hentry"],"yoast_head":"<!-- This site is optimized with the Yoast SEO plugin v27.5 - https:\/\/yoast.com\/product\/yoast-seo-wordpress\/ -->\n<title>Tratamientos faciales - Amalurra Estetika<\/title>\n<meta name=\"robots\" content=\"index, follow, max-snippet:-1, max-image-preview:large, max-video-preview:-1\" \/>\n<link rel=\"canonical\" href=\"https:\/\/amalurraestetika.com\/eus\/tratamientos-faciales\/\" \/>\n<meta property=\"og:locale\" content=\"en_US\" \/>\n<meta property=\"og:type\" content=\"article\" \/>\n<meta property=\"og:title\" content=\"Tratamientos faciales - Amalurra Estetika\" \/>\n<meta property=\"og:description\" content=\"Xirimiri 45\u20ac \/ 50min Arnasa 50\u20ac \/1h Ni neu 60\u20ac \/ 1h 15min Urte askotarako 70\u20ac \/1h 30min\" \/>\n<meta property=\"og:url\" content=\"https:\/\/amalurraestetika.com\/eus\/tratamientos-faciales\/\" \/>\n<meta property=\"og:site_name\" content=\"Amalurra Estetika\" \/>\n<meta property=\"article:modified_time\" content=\"2024-07-16T16:10:42+00:00\" \/>\n<meta property=\"og:image\" content=\"https:\/\/amalurraestetika.com\/wp-content\/uploads\/2024\/07\/skillful-cosmetology-specialist-putting-lotion-on-face-of-a-man-1024x682.jpg\" \/>\n<meta name=\"twitter:card\" content=\"summary_large_image\" \/>\n<meta name=\"twitter:label1\" content=\"Est. reading time\" \/>\n\t<meta name=\"twitter:data1\" content=\"1 minutua\" \/>\n<script type=\"application\/ld+json\" class=\"yoast-schema-graph\">{\"@context\":\"https:\\\/\\\/schema.org\",\"@graph\":[{\"@type\":\"WebPage\",\"@id\":\"https:\\\/\\\/amalurraestetika.com\\\/tratamientos-faciales\\\/\",\"url\":\"https:\\\/\\\/amalurraestetika.com\\\/tratamientos-faciales\\\/\",\"name\":\"Tratamientos faciales - Amalurra Estetika\",\"isPartOf\":{\"@id\":\"https:\\\/\\\/amalurraestetika.com\\\/#website\"},\"primaryImageOfPage\":{\"@id\":\"https:\\\/\\\/amalurraestetika.com\\\/tratamientos-faciales\\\/#primaryimage\"},\"image\":{\"@id\":\"https:\\\/\\\/amalurraestetika.com\\\/tratamientos-faciales\\\/#primaryimage\"},\"thumbnailUrl\":\"https:\\\/\\\/amalurraestetika.com\\\/wp-content\\\/uploads\\\/2024\\\/07\\\/skillful-cosmetology-specialist-putting-lotion-on-face-of-a-man-1024x682.jpg\",\"datePublished\":\"2024-06-27T11:21:19+00:00\",\"dateModified\":\"2024-07-16T16:10:42+00:00\",\"breadcrumb\":{\"@id\":\"https:\\\/\\\/amalurraestetika.com\\\/tratamientos-faciales\\\/#breadcrumb\"},\"inLanguage\":\"eu\",\"potentialAction\":[{\"@type\":\"ReadAction\",\"target\":[\"https:\\\/\\\/amalurraestetika.com\\\/tratamientos-faciales\\\/\"]}]},{\"@type\":\"ImageObject\",\"inLanguage\":\"eu\",\"@id\":\"https:\\\/\\\/amalurraestetika.com\\\/tratamientos-faciales\\\/#primaryimage\",\"url\":\"https:\\\/\\\/amalurraestetika.com\\\/wp-content\\\/uploads\\\/2024\\\/07\\\/skillful-cosmetology-specialist-putting-lotion-on-face-of-a-man-1024x682.jpg\",\"contentUrl\":\"https:\\\/\\\/amalurraestetika.com\\\/wp-content\\\/uploads\\\/2024\\\/07\\\/skillful-cosmetology-specialist-putting-lotion-on-face-of-a-man-1024x682.jpg\"},{\"@type\":\"BreadcrumbList\",\"@id\":\"https:\\\/\\\/amalurraestetika.com\\\/tratamientos-faciales\\\/#breadcrumb\",\"itemListElement\":[{\"@type\":\"ListItem\",\"position\":1,\"name\":\"Portada\",\"item\":\"https:\\\/\\\/amalurraestetika.com\\\/\"},{\"@type\":\"ListItem\",\"position\":2,\"name\":\"Tratamientos faciales\"}]},{\"@type\":\"WebSite\",\"@id\":\"https:\\\/\\\/amalurraestetika.com\\\/#website\",\"url\":\"https:\\\/\\\/amalurraestetika.com\\\/\",\"name\":\"Amalurra Estetika\",\"description\":\"En Amalurra Estetika nos dedicamos a proporcionar una experiencia \u00fanica que equilibra mente, cuerpo y alma a trav\u00e9s de pr\u00e1cticas naturales y sostenibles. Creemos firmemente en los beneficios de utilizar cosm\u00e9ticos org\u00e1nicos, veganos y libres de crueldad para tu piel, y nuestro compromiso con pr\u00e1cticas \u00e9ticas y respetuosas con el medio ambiente es un pilar de nuestra filosof\u00eda. Ven y descubre todo lo que tenemos para ofrecer y disfruta de un momento especial en nuestro oasis de bienestar.\",\"publisher\":{\"@id\":\"https:\\\/\\\/amalurraestetika.com\\\/#organization\"},\"potentialAction\":[{\"@type\":\"SearchAction\",\"target\":{\"@type\":\"EntryPoint\",\"urlTemplate\":\"https:\\\/\\\/amalurraestetika.com\\\/?s={search_term_string}\"},\"query-input\":{\"@type\":\"PropertyValueSpecification\",\"valueRequired\":true,\"valueName\":\"search_term_string\"}}],\"inLanguage\":\"eu\"},{\"@type\":\"Organization\",\"@id\":\"https:\\\/\\\/amalurraestetika.com\\\/#organization\",\"name\":\"Amalurra Estetika\",\"url\":\"https:\\\/\\\/amalurraestetika.com\\\/\",\"logo\":{\"@type\":\"ImageObject\",\"inLanguage\":\"eu\",\"@id\":\"https:\\\/\\\/amalurraestetika.com\\\/#\\\/schema\\\/logo\\\/image\\\/\",\"url\":\"https:\\\/\\\/amalurraestetika.com\\\/wp-content\\\/uploads\\\/2024\\\/07\\\/cropped-Amalurra_color-original.png\",\"contentUrl\":\"https:\\\/\\\/amalurraestetika.com\\\/wp-content\\\/uploads\\\/2024\\\/07\\\/cropped-Amalurra_color-original.png\",\"width\":709,\"height\":326,\"caption\":\"Amalurra Estetika\"},\"image\":{\"@id\":\"https:\\\/\\\/amalurraestetika.com\\\/#\\\/schema\\\/logo\\\/image\\\/\"}}]}<\/script>\n<!-- \/ Yoast SEO plugin. -->","yoast_head_json":{"title":"Tratamientos faciales - Amalurra Estetika","robots":{"index":"index","follow":"follow","max-snippet":"max-snippet:-1","max-image-preview":"max-image-preview:large","max-video-preview":"max-video-preview:-1"},"canonical":"https:\/\/amalurraestetika.com\/eus\/tratamientos-faciales\/","og_locale":"en_US","og_type":"article","og_title":"Tratamientos faciales - Amalurra Estetika","og_description":"Xirimiri 45\u20ac \/ 50min Arnasa 50\u20ac \/1h Ni neu 60\u20ac \/ 1h 15min Urte askotarako 70\u20ac \/1h 30min","og_url":"https:\/\/amalurraestetika.com\/eus\/tratamientos-faciales\/","og_site_name":"Amalurra Estetika","article_modified_time":"2024-07-16T16:10:42+00:00","og_image":[{"url":"https:\/\/amalurraestetika.com\/wp-content\/uploads\/2024\/07\/skillful-cosmetology-specialist-putting-lotion-on-face-of-a-man-1024x682.jpg","type":"","width":"","height":""}],"twitter_card":"summary_large_image","twitter_misc":{"Est. reading time":"1 minutua"},"schema":{"@context":"https:\/\/schema.org","@graph":[{"@type":"WebPage","@id":"https:\/\/amalurraestetika.com\/tratamientos-faciales\/","url":"https:\/\/amalurraestetika.com\/tratamientos-faciales\/","name":"Tratamientos faciales - Amalurra Estetika","isPartOf":{"@id":"https:\/\/amalurraestetika.com\/#website"},"primaryImageOfPage":{"@id":"https:\/\/amalurraestetika.com\/tratamientos-faciales\/#primaryimage"},"image":{"@id":"https:\/\/amalurraestetika.com\/tratamientos-faciales\/#primaryimage"},"thumbnailUrl":"https:\/\/amalurraestetika.com\/wp-content\/uploads\/2024\/07\/skillful-cosmetology-specialist-putting-lotion-on-face-of-a-man-1024x682.jpg","datePublished":"2024-06-27T11:21:19+00:00","dateModified":"2024-07-16T16:10:42+00:00","breadcrumb":{"@id":"https:\/\/amalurraestetika.com\/tratamientos-faciales\/#breadcrumb"},"inLanguage":"eu","potentialAction":[{"@type":"ReadAction","target":["https:\/\/amalurraestetika.com\/tratamientos-faciales\/"]}]},{"@type":"ImageObject","inLanguage":"eu","@id":"https:\/\/amalurraestetika.com\/tratamientos-faciales\/#primaryimage","url":"https:\/\/amalurraestetika.com\/wp-content\/uploads\/2024\/07\/skillful-cosmetology-specialist-putting-lotion-on-face-of-a-man-1024x682.jpg","contentUrl":"https:\/\/amalurraestetika.com\/wp-content\/uploads\/2024\/07\/skillful-cosmetology-specialist-putting-lotion-on-face-of-a-man-1024x682.jpg"},{"@type":"BreadcrumbList","@id":"https:\/\/amalurraestetika.com\/tratamientos-faciales\/#breadcrumb","itemListElement":[{"@type":"ListItem","position":1,"name":"Portada","item":"https:\/\/amalurraestetika.com\/"},{"@type":"ListItem","position":2,"name":"Tratamientos faciales"}]},{"@type":"WebSite","@id":"https:\/\/amalurraestetika.com\/#website","url":"https:\/\/amalurraestetika.com\/","name":"Amalurra Estetika","description":"Amalurra Estetika-n, praktika natural eta iraunkorren bidez adimena, gorputza eta arima orekatzen dituen esperientzia paregabea eskaintzen dihardugu. Uste sendoa dugu kosmetiko organikoak, beganoak eta krudelkeriarik gabekoak erabiltzearen onuretan, eta ingurumena errespetatzen duten praktika etikoekin dugun konpromisoa gure filosofiaren zutabe bat da. Zatoz eta ezagutu eskaintzeko dugun guztia eta gozatu une berezi batez gure ongizate-oasian.","publisher":{"@id":"https:\/\/amalurraestetika.com\/#organization"},"potentialAction":[{"@type":"SearchAction","target":{"@type":"EntryPoint","urlTemplate":"https:\/\/amalurraestetika.com\/?s={search_term_string}"},"query-input":{"@type":"PropertyValueSpecification","valueRequired":true,"valueName":"search_term_string"}}],"inLanguage":"eu"},{"@type":"Organization","@id":"https:\/\/amalurraestetika.com\/#organization","name":"Amalurra Estetika","url":"https:\/\/amalurraestetika.com\/","logo":{"@type":"ImageObject","inLanguage":"eu","@id":"https:\/\/amalurraestetika.com\/#\/schema\/logo\/image\/","url":"https:\/\/amalurraestetika.com\/wp-content\/uploads\/2024\/07\/cropped-Amalurra_color-original.png","contentUrl":"https:\/\/amalurraestetika.com\/wp-content\/uploads\/2024\/07\/cropped-Amalurra_color-original.png","width":709,"height":326,"caption":"Amalurra Estetika"},"image":{"@id":"https:\/\/amalurraestetika.com\/#\/schema\/logo\/image\/"}}]}},"_links":{"self":[{"href":"https:\/\/amalurraestetika.com\/eus\/wp-json\/wp\/v2\/pages\/118","targetHints":{"allow":["GET"]}}],"collection":[{"href":"https:\/\/amalurraestetika.com\/eus\/wp-json\/wp\/v2\/pages"}],"about":[{"href":"https:\/\/amalurraestetika.com\/eus\/wp-json\/wp\/v2\/types\/page"}],"author":[{"embeddable":true,"href":"https:\/\/amalurraestetika.com\/eus\/wp-json\/wp\/v2\/users\/1"}],"replies":[{"embeddable":true,"href":"https:\/\/amalurraestetika.com\/eus\/wp-json\/wp\/v2\/comments?post=118"}],"version-history":[{"count":49,"href":"https:\/\/amalurraestetika.com\/eus\/wp-json\/wp\/v2\/pages\/118\/revisions"}],"predecessor-version":[{"id":1394,"href":"https:\/\/amalurraestetika.com\/eus\/wp-json\/wp\/v2\/pages\/118\/revisions\/1394"}],"wp:attachment":[{"href":"https:\/\/amalurraestetika.com\/eus\/wp-json\/wp\/v2\/media?parent=118"}],"curies":[{"name":"wp","href":"https:\/\/api.w.org\/{rel}","templated":true}]}}