{"id":122,"date":"2024-06-27T11:23:22","date_gmt":"2024-06-27T11:23:22","guid":{"rendered":"https:\/\/amalurraestetika.rkinformatika.online\/?page_id=122"},"modified":"2024-07-17T16:01:11","modified_gmt":"2024-07-17T16:01:11","slug":"tratamientos-corporales","status":"publish","type":"page","link":"https:\/\/amalurraestetika.com\/eus\/tratamientos-corporales\/","title":{"rendered":"Gorputz-tratamenduak"},"content":{"rendered":"<div data-elementor-type=\"wp-page\" data-elementor-id=\"122\" class=\"elementor elementor-122\" data-elementor-post-type=\"page\">\n\t\t\t\t\t\t<section class=\"elementor-section elementor-top-section elementor-element elementor-element-8db542a elementor-section-boxed elementor-section-height-default elementor-section-height-default\" data-id=\"8db542a\" data-element_type=\"section\" data-e-type=\"section\" data-settings=\"{&quot;background_background&quot;:&quot;classic&quot;}\">\n\t\t\t\t\t\t\t<div class=\"elementor-background-overlay\"><\/div>\n\t\t\t\t\t\t\t<div class=\"elementor-container elementor-column-gap-default\">\n\t\t\t\t\t<div class=\"elementor-column elementor-col-100 elementor-top-column elementor-element elementor-element-80d2295\" data-id=\"80d2295\" data-element_type=\"column\" data-e-type=\"column\">\n\t\t\t<div class=\"elementor-widget-wrap\">\n\t\t\t\t\t\t\t<\/div>\n\t\t<\/div>\n\t\t\t\t\t<\/div>\n\t\t<\/section>\n\t\t<div class=\"elementor-element elementor-element-fcf5081 e-flex e-con-boxed e-con e-parent\" data-id=\"fcf5081\" data-element_type=\"container\" data-e-type=\"container\" data-settings=\"{&quot;background_background&quot;:&quot;classic&quot;}\">\n\t\t\t\t\t<div class=\"e-con-inner\">\n\t\t<div class=\"elementor-element elementor-element-a7dcccf e-con-full e-flex e-con e-child\" data-id=\"a7dcccf\" data-element_type=\"container\" data-e-type=\"container\" data-settings=\"{&quot;background_background&quot;:&quot;classic&quot;}\">\n\t\t\t\t<div class=\"elementor-element elementor-element-1ef4148 elementor-widget elementor-widget-image\" data-id=\"1ef4148\" data-element_type=\"widget\" data-e-type=\"widget\" data-widget_type=\"image.default\">\n\t\t\t\t<div class=\"elementor-widget-container\">\n\t\t\t\t\t\t\t\t\t\t\t\t\t\t\t<img fetchpriority=\"high\" decoding=\"async\" width=\"800\" height=\"533\" src=\"https:\/\/amalurraestetika.com\/wp-content\/uploads\/2024\/07\/beautiful-blonde-female-relaxation-in-spa-salon-with-professional-masseur-shoulder-body-1024x682.jpg\" class=\"attachment-large size-large wp-image-648\" alt=\"beautiful blonde female relaxation in spa salon with professional masseur shoulder body\" srcset=\"https:\/\/amalurraestetika.com\/wp-content\/uploads\/2024\/07\/beautiful-blonde-female-relaxation-in-spa-salon-with-professional-masseur-shoulder-body-1024x682.jpg 1024w, https:\/\/amalurraestetika.com\/wp-content\/uploads\/2024\/07\/beautiful-blonde-female-relaxation-in-spa-salon-with-professional-masseur-shoulder-body-300x200.jpg 300w, https:\/\/amalurraestetika.com\/wp-content\/uploads\/2024\/07\/beautiful-blonde-female-relaxation-in-spa-salon-with-professional-masseur-shoulder-body-768x512.jpg 768w, https:\/\/amalurraestetika.com\/wp-content\/uploads\/2024\/07\/beautiful-blonde-female-relaxation-in-spa-salon-with-professional-masseur-shoulder-body-1536x1024.jpg 1536w, https:\/\/amalurraestetika.com\/wp-content\/uploads\/2024\/07\/beautiful-blonde-female-relaxation-in-spa-salon-with-professional-masseur-shoulder-body-18x12.jpg 18w, https:\/\/amalurraestetika.com\/wp-content\/uploads\/2024\/07\/beautiful-blonde-female-relaxation-in-spa-salon-with-professional-masseur-shoulder-body-600x400.jpg 600w, https:\/\/amalurraestetika.com\/wp-content\/uploads\/2024\/07\/beautiful-blonde-female-relaxation-in-spa-salon-with-professional-masseur-shoulder-body.jpg 2000w\" sizes=\"(max-width: 800px) 100vw, 800px\" \/>\t\t\t\t\t\t\t\t\t\t\t\t\t\t\t<\/div>\n\t\t\t\t<\/div>\n\t\t\t\t<div class=\"elementor-element elementor-element-0c5e156 elementor-widget elementor-widget-heading\" data-id=\"0c5e156\" data-element_type=\"widget\" data-e-type=\"widget\" data-widget_type=\"heading.default\">\n\t\t\t\t<div class=\"elementor-widget-container\">\n\t\t\t\t\t<h2 class=\"elementor-heading-title elementor-size-default\">Udaberri \/ Udazken<\/h2>\t\t\t\t<\/div>\n\t\t\t\t<\/div>\n\t\t\t\t<div class=\"elementor-element elementor-element-bd933e2 elementor-widget elementor-widget-heading\" data-id=\"bd933e2\" data-element_type=\"widget\" data-e-type=\"widget\" data-widget_type=\"heading.default\">\n\t\t\t\t<div class=\"elementor-widget-container\">\n\t\t\t\t\t<h2 class=\"elementor-heading-title elementor-size-default\">50\u20ac \/ 1h 15min<\/h2>\t\t\t\t<\/div>\n\t\t\t\t<\/div>\n\t\t\t\t<\/div>\n\t\t<div class=\"elementor-element elementor-element-dc07cb9 e-con-full e-flex e-con e-child\" data-id=\"dc07cb9\" data-element_type=\"container\" data-e-type=\"container\" data-settings=\"{&quot;background_background&quot;:&quot;classic&quot;}\">\n\t\t\t\t<div class=\"elementor-element elementor-element-c6ede62 elementor-widget elementor-widget-image\" data-id=\"c6ede62\" data-element_type=\"widget\" data-e-type=\"widget\" data-widget_type=\"image.default\">\n\t\t\t\t<div class=\"elementor-widget-container\">\n\t\t\t\t\t\t\t\t\t\t\t\t\t\t\t<img decoding=\"async\" width=\"800\" height=\"533\" src=\"https:\/\/amalurraestetika.com\/wp-content\/uploads\/2024\/07\/cosmetology-face-and-body-skin-care--1024x682.jpg\" class=\"attachment-large size-large wp-image-649\" alt=\"Cosmetology. Face and body skin care.\" srcset=\"https:\/\/amalurraestetika.com\/wp-content\/uploads\/2024\/07\/cosmetology-face-and-body-skin-care--1024x682.jpg 1024w, https:\/\/amalurraestetika.com\/wp-content\/uploads\/2024\/07\/cosmetology-face-and-body-skin-care--300x200.jpg 300w, https:\/\/amalurraestetika.com\/wp-content\/uploads\/2024\/07\/cosmetology-face-and-body-skin-care--768x512.jpg 768w, https:\/\/amalurraestetika.com\/wp-content\/uploads\/2024\/07\/cosmetology-face-and-body-skin-care--1536x1024.jpg 1536w, https:\/\/amalurraestetika.com\/wp-content\/uploads\/2024\/07\/cosmetology-face-and-body-skin-care--18x12.jpg 18w, https:\/\/amalurraestetika.com\/wp-content\/uploads\/2024\/07\/cosmetology-face-and-body-skin-care--600x400.jpg 600w, https:\/\/amalurraestetika.com\/wp-content\/uploads\/2024\/07\/cosmetology-face-and-body-skin-care-.jpg 2000w\" sizes=\"(max-width: 800px) 100vw, 800px\" \/>\t\t\t\t\t\t\t\t\t\t\t\t\t\t\t<\/div>\n\t\t\t\t<\/div>\n\t\t\t\t<div class=\"elementor-element elementor-element-64f932f elementor-widget elementor-widget-heading\" data-id=\"64f932f\" data-element_type=\"widget\" data-e-type=\"widget\" data-widget_type=\"heading.default\">\n\t\t\t\t<div class=\"elementor-widget-container\">\n\t\t\t\t\t<h2 class=\"elementor-heading-title elementor-size-default\">Negu<\/h2>\t\t\t\t<\/div>\n\t\t\t\t<\/div>\n\t\t\t\t<div class=\"elementor-element elementor-element-c25c722 elementor-widget elementor-widget-heading\" data-id=\"c25c722\" data-element_type=\"widget\" data-e-type=\"widget\" data-widget_type=\"heading.default\">\n\t\t\t\t<div class=\"elementor-widget-container\">\n\t\t\t\t\t<h2 class=\"elementor-heading-title elementor-size-default\">65\u20ac \/ 1h 30min<\/h2>\t\t\t\t<\/div>\n\t\t\t\t<\/div>\n\t\t\t\t<\/div>\n\t\t\t\t\t<\/div>\n\t\t\t\t<\/div>\n\t\t\t\t<\/div>","protected":false},"excerpt":{"rendered":"<p>Udaberri \/ Udazken 50\u20ac \/ 1h 15min Negu 65\u20ac \/ 1h 30min<\/p>","protected":false},"author":1,"featured_media":0,"parent":0,"menu_order":0,"comment_status":"closed","ping_status":"closed","template":"elementor_canvas","meta":{"footnotes":""},"class_list":["post-122","page","type-page","status-publish","hentry"],"yoast_head":"<!-- This site is optimized with the Yoast SEO plugin v27.5 - https:\/\/yoast.com\/product\/yoast-seo-wordpress\/ -->\n<title>Tratamientos corporales - Amalurra Estetika<\/title>\n<meta name=\"robots\" content=\"index, follow, max-snippet:-1, max-image-preview:large, max-video-preview:-1\" \/>\n<link rel=\"canonical\" href=\"https:\/\/amalurraestetika.com\/eus\/tratamientos-corporales\/\" \/>\n<meta property=\"og:locale\" content=\"en_US\" \/>\n<meta property=\"og:type\" content=\"article\" \/>\n<meta property=\"og:title\" content=\"Tratamientos corporales - Amalurra Estetika\" \/>\n<meta property=\"og:description\" content=\"Udaberri \/ Udazken 50\u20ac \/ 1h 15min Negu 65\u20ac \/ 1h 30min\" \/>\n<meta property=\"og:url\" content=\"https:\/\/amalurraestetika.com\/eus\/tratamientos-corporales\/\" \/>\n<meta property=\"og:site_name\" content=\"Amalurra Estetika\" \/>\n<meta property=\"article:modified_time\" content=\"2024-07-17T16:01:11+00:00\" \/>\n<meta property=\"og:image\" content=\"https:\/\/amalurraestetika.com\/wp-content\/uploads\/2024\/07\/beautiful-blonde-female-relaxation-in-spa-salon-with-professional-masseur-shoulder-body-1024x682.jpg\" \/>\n<meta name=\"twitter:card\" content=\"summary_large_image\" \/>\n<meta name=\"twitter:label1\" content=\"Est. reading time\" \/>\n\t<meta name=\"twitter:data1\" content=\"1 minutua\" \/>\n<script type=\"application\/ld+json\" class=\"yoast-schema-graph\">{\"@context\":\"https:\\\/\\\/schema.org\",\"@graph\":[{\"@type\":\"WebPage\",\"@id\":\"https:\\\/\\\/amalurraestetika.com\\\/tratamientos-corporales\\\/\",\"url\":\"https:\\\/\\\/amalurraestetika.com\\\/tratamientos-corporales\\\/\",\"name\":\"Tratamientos corporales - Amalurra Estetika\",\"isPartOf\":{\"@id\":\"https:\\\/\\\/amalurraestetika.com\\\/#website\"},\"primaryImageOfPage\":{\"@id\":\"https:\\\/\\\/amalurraestetika.com\\\/tratamientos-corporales\\\/#primaryimage\"},\"image\":{\"@id\":\"https:\\\/\\\/amalurraestetika.com\\\/tratamientos-corporales\\\/#primaryimage\"},\"thumbnailUrl\":\"https:\\\/\\\/amalurraestetika.com\\\/wp-content\\\/uploads\\\/2024\\\/07\\\/beautiful-blonde-female-relaxation-in-spa-salon-with-professional-masseur-shoulder-body-1024x682.jpg\",\"datePublished\":\"2024-06-27T11:23:22+00:00\",\"dateModified\":\"2024-07-17T16:01:11+00:00\",\"breadcrumb\":{\"@id\":\"https:\\\/\\\/amalurraestetika.com\\\/tratamientos-corporales\\\/#breadcrumb\"},\"inLanguage\":\"eu\",\"potentialAction\":[{\"@type\":\"ReadAction\",\"target\":[\"https:\\\/\\\/amalurraestetika.com\\\/tratamientos-corporales\\\/\"]}]},{\"@type\":\"ImageObject\",\"inLanguage\":\"eu\",\"@id\":\"https:\\\/\\\/amalurraestetika.com\\\/tratamientos-corporales\\\/#primaryimage\",\"url\":\"https:\\\/\\\/amalurraestetika.com\\\/wp-content\\\/uploads\\\/2024\\\/07\\\/beautiful-blonde-female-relaxation-in-spa-salon-with-professional-masseur-shoulder-body-1024x682.jpg\",\"contentUrl\":\"https:\\\/\\\/amalurraestetika.com\\\/wp-content\\\/uploads\\\/2024\\\/07\\\/beautiful-blonde-female-relaxation-in-spa-salon-with-professional-masseur-shoulder-body-1024x682.jpg\"},{\"@type\":\"BreadcrumbList\",\"@id\":\"https:\\\/\\\/amalurraestetika.com\\\/tratamientos-corporales\\\/#breadcrumb\",\"itemListElement\":[{\"@type\":\"ListItem\",\"position\":1,\"name\":\"Portada\",\"item\":\"https:\\\/\\\/amalurraestetika.com\\\/\"},{\"@type\":\"ListItem\",\"position\":2,\"name\":\"Tratamientos corporales\"}]},{\"@type\":\"WebSite\",\"@id\":\"https:\\\/\\\/amalurraestetika.com\\\/#website\",\"url\":\"https:\\\/\\\/amalurraestetika.com\\\/\",\"name\":\"Amalurra Estetika\",\"description\":\"En Amalurra Estetika nos dedicamos a proporcionar una experiencia \u00fanica que equilibra mente, cuerpo y alma a trav\u00e9s de pr\u00e1cticas naturales y sostenibles. Creemos firmemente en los beneficios de utilizar cosm\u00e9ticos org\u00e1nicos, veganos y libres de crueldad para tu piel, y nuestro compromiso con pr\u00e1cticas \u00e9ticas y respetuosas con el medio ambiente es un pilar de nuestra filosof\u00eda. Ven y descubre todo lo que tenemos para ofrecer y disfruta de un momento especial en nuestro oasis de bienestar.\",\"publisher\":{\"@id\":\"https:\\\/\\\/amalurraestetika.com\\\/#organization\"},\"potentialAction\":[{\"@type\":\"SearchAction\",\"target\":{\"@type\":\"EntryPoint\",\"urlTemplate\":\"https:\\\/\\\/amalurraestetika.com\\\/?s={search_term_string}\"},\"query-input\":{\"@type\":\"PropertyValueSpecification\",\"valueRequired\":true,\"valueName\":\"search_term_string\"}}],\"inLanguage\":\"eu\"},{\"@type\":\"Organization\",\"@id\":\"https:\\\/\\\/amalurraestetika.com\\\/#organization\",\"name\":\"Amalurra Estetika\",\"url\":\"https:\\\/\\\/amalurraestetika.com\\\/\",\"logo\":{\"@type\":\"ImageObject\",\"inLanguage\":\"eu\",\"@id\":\"https:\\\/\\\/amalurraestetika.com\\\/#\\\/schema\\\/logo\\\/image\\\/\",\"url\":\"https:\\\/\\\/amalurraestetika.com\\\/wp-content\\\/uploads\\\/2024\\\/07\\\/cropped-Amalurra_color-original.png\",\"contentUrl\":\"https:\\\/\\\/amalurraestetika.com\\\/wp-content\\\/uploads\\\/2024\\\/07\\\/cropped-Amalurra_color-original.png\",\"width\":709,\"height\":326,\"caption\":\"Amalurra Estetika\"},\"image\":{\"@id\":\"https:\\\/\\\/amalurraestetika.com\\\/#\\\/schema\\\/logo\\\/image\\\/\"}}]}<\/script>\n<!-- \/ Yoast SEO plugin. -->","yoast_head_json":{"title":"Tratamientos corporales - Amalurra Estetika","robots":{"index":"index","follow":"follow","max-snippet":"max-snippet:-1","max-image-preview":"max-image-preview:large","max-video-preview":"max-video-preview:-1"},"canonical":"https:\/\/amalurraestetika.com\/eus\/tratamientos-corporales\/","og_locale":"en_US","og_type":"article","og_title":"Tratamientos corporales - Amalurra Estetika","og_description":"Udaberri \/ Udazken 50\u20ac \/ 1h 15min Negu 65\u20ac \/ 1h 30min","og_url":"https:\/\/amalurraestetika.com\/eus\/tratamientos-corporales\/","og_site_name":"Amalurra Estetika","article_modified_time":"2024-07-17T16:01:11+00:00","og_image":[{"url":"https:\/\/amalurraestetika.com\/wp-content\/uploads\/2024\/07\/beautiful-blonde-female-relaxation-in-spa-salon-with-professional-masseur-shoulder-body-1024x682.jpg","type":"","width":"","height":""}],"twitter_card":"summary_large_image","twitter_misc":{"Est. reading time":"1 minutua"},"schema":{"@context":"https:\/\/schema.org","@graph":[{"@type":"WebPage","@id":"https:\/\/amalurraestetika.com\/tratamientos-corporales\/","url":"https:\/\/amalurraestetika.com\/tratamientos-corporales\/","name":"Tratamientos corporales - Amalurra Estetika","isPartOf":{"@id":"https:\/\/amalurraestetika.com\/#website"},"primaryImageOfPage":{"@id":"https:\/\/amalurraestetika.com\/tratamientos-corporales\/#primaryimage"},"image":{"@id":"https:\/\/amalurraestetika.com\/tratamientos-corporales\/#primaryimage"},"thumbnailUrl":"https:\/\/amalurraestetika.com\/wp-content\/uploads\/2024\/07\/beautiful-blonde-female-relaxation-in-spa-salon-with-professional-masseur-shoulder-body-1024x682.jpg","datePublished":"2024-06-27T11:23:22+00:00","dateModified":"2024-07-17T16:01:11+00:00","breadcrumb":{"@id":"https:\/\/amalurraestetika.com\/tratamientos-corporales\/#breadcrumb"},"inLanguage":"eu","potentialAction":[{"@type":"ReadAction","target":["https:\/\/amalurraestetika.com\/tratamientos-corporales\/"]}]},{"@type":"ImageObject","inLanguage":"eu","@id":"https:\/\/amalurraestetika.com\/tratamientos-corporales\/#primaryimage","url":"https:\/\/amalurraestetika.com\/wp-content\/uploads\/2024\/07\/beautiful-blonde-female-relaxation-in-spa-salon-with-professional-masseur-shoulder-body-1024x682.jpg","contentUrl":"https:\/\/amalurraestetika.com\/wp-content\/uploads\/2024\/07\/beautiful-blonde-female-relaxation-in-spa-salon-with-professional-masseur-shoulder-body-1024x682.jpg"},{"@type":"BreadcrumbList","@id":"https:\/\/amalurraestetika.com\/tratamientos-corporales\/#breadcrumb","itemListElement":[{"@type":"ListItem","position":1,"name":"Portada","item":"https:\/\/amalurraestetika.com\/"},{"@type":"ListItem","position":2,"name":"Tratamientos corporales"}]},{"@type":"WebSite","@id":"https:\/\/amalurraestetika.com\/#website","url":"https:\/\/amalurraestetika.com\/","name":"Amalurra Estetika","description":"Amalurra Estetika-n, praktika natural eta iraunkorren bidez adimena, gorputza eta arima orekatzen dituen esperientzia paregabea eskaintzen dihardugu. Uste sendoa dugu kosmetiko organikoak, beganoak eta krudelkeriarik gabekoak erabiltzearen onuretan, eta ingurumena errespetatzen duten praktika etikoekin dugun konpromisoa gure filosofiaren zutabe bat da. Zatoz eta ezagutu eskaintzeko dugun guztia eta gozatu une berezi batez gure ongizate-oasian.","publisher":{"@id":"https:\/\/amalurraestetika.com\/#organization"},"potentialAction":[{"@type":"SearchAction","target":{"@type":"EntryPoint","urlTemplate":"https:\/\/amalurraestetika.com\/?s={search_term_string}"},"query-input":{"@type":"PropertyValueSpecification","valueRequired":true,"valueName":"search_term_string"}}],"inLanguage":"eu"},{"@type":"Organization","@id":"https:\/\/amalurraestetika.com\/#organization","name":"Amalurra Estetika","url":"https:\/\/amalurraestetika.com\/","logo":{"@type":"ImageObject","inLanguage":"eu","@id":"https:\/\/amalurraestetika.com\/#\/schema\/logo\/image\/","url":"https:\/\/amalurraestetika.com\/wp-content\/uploads\/2024\/07\/cropped-Amalurra_color-original.png","contentUrl":"https:\/\/amalurraestetika.com\/wp-content\/uploads\/2024\/07\/cropped-Amalurra_color-original.png","width":709,"height":326,"caption":"Amalurra Estetika"},"image":{"@id":"https:\/\/amalurraestetika.com\/#\/schema\/logo\/image\/"}}]}},"_links":{"self":[{"href":"https:\/\/amalurraestetika.com\/eus\/wp-json\/wp\/v2\/pages\/122","targetHints":{"allow":["GET"]}}],"collection":[{"href":"https:\/\/amalurraestetika.com\/eus\/wp-json\/wp\/v2\/pages"}],"about":[{"href":"https:\/\/amalurraestetika.com\/eus\/wp-json\/wp\/v2\/types\/page"}],"author":[{"embeddable":true,"href":"https:\/\/amalurraestetika.com\/eus\/wp-json\/wp\/v2\/users\/1"}],"replies":[{"embeddable":true,"href":"https:\/\/amalurraestetika.com\/eus\/wp-json\/wp\/v2\/comments?post=122"}],"version-history":[{"count":76,"href":"https:\/\/amalurraestetika.com\/eus\/wp-json\/wp\/v2\/pages\/122\/revisions"}],"predecessor-version":[{"id":1514,"href":"https:\/\/amalurraestetika.com\/eus\/wp-json\/wp\/v2\/pages\/122\/revisions\/1514"}],"wp:attachment":[{"href":"https:\/\/amalurraestetika.com\/eus\/wp-json\/wp\/v2\/media?parent=122"}],"curies":[{"name":"wp","href":"https:\/\/api.w.org\/{rel}","templated":true}]}}