{"id":157,"date":"2024-06-27T11:44:23","date_gmt":"2024-06-27T11:44:23","guid":{"rendered":"https:\/\/amalurraestetika.rkinformatika.online\/?page_id=157"},"modified":"2024-07-17T16:03:37","modified_gmt":"2024-07-17T16:03:37","slug":"corporales","status":"publish","type":"page","link":"https:\/\/amalurraestetika.com\/eus\/corporales\/","title":{"rendered":"Gorputzekoak"},"content":{"rendered":"<div data-elementor-type=\"wp-page\" data-elementor-id=\"157\" class=\"elementor elementor-157\" data-elementor-post-type=\"page\">\n\t\t\t\t\t\t<section class=\"elementor-section elementor-top-section elementor-element elementor-element-0676eb8 elementor-section-boxed elementor-section-height-default elementor-section-height-default\" data-id=\"0676eb8\" data-element_type=\"section\" data-e-type=\"section\" data-settings=\"{&quot;background_background&quot;:&quot;classic&quot;}\">\n\t\t\t\t\t\t\t<div class=\"elementor-background-overlay\"><\/div>\n\t\t\t\t\t\t\t<div class=\"elementor-container elementor-column-gap-default\">\n\t\t\t\t\t<div class=\"elementor-column elementor-col-100 elementor-top-column elementor-element elementor-element-6295517\" data-id=\"6295517\" data-element_type=\"column\" data-e-type=\"column\">\n\t\t\t<div class=\"elementor-widget-wrap elementor-element-populated\">\n\t\t\t\t\t\t\t<\/div>\n\t\t<\/div>\n\t\t\t\t\t<\/div>\n\t\t<\/section>\n\t\t<div class=\"elementor-element elementor-element-5058465 e-flex e-con-boxed e-con e-parent\" data-id=\"5058465\" data-element_type=\"container\" data-e-type=\"container\" data-settings=\"{&quot;background_background&quot;:&quot;classic&quot;}\">\n\t\t\t\t\t<div class=\"e-con-inner\">\n\t\t<div class=\"elementor-element elementor-element-478e9a3 e-con-full e-flex e-con e-child\" data-id=\"478e9a3\" data-element_type=\"container\" data-e-type=\"container\" data-settings=\"{&quot;background_background&quot;:&quot;classic&quot;}\">\n\t\t\t\t<div class=\"elementor-element elementor-element-e97a75f elementor-widget elementor-widget-image\" data-id=\"e97a75f\" data-element_type=\"widget\" data-e-type=\"widget\" data-widget_type=\"image.default\">\n\t\t\t\t<div class=\"elementor-widget-container\">\n\t\t\t\t\t\t\t\t\t\t\t\t\t\t\t<img fetchpriority=\"high\" decoding=\"async\" width=\"500\" height=\"500\" src=\"https:\/\/amalurraestetika.com\/wp-content\/uploads\/2024\/07\/nataloe_arnica-removebg-preview.png\" class=\"attachment-large size-large wp-image-1012\" alt=\"\" srcset=\"https:\/\/amalurraestetika.com\/wp-content\/uploads\/2024\/07\/nataloe_arnica-removebg-preview.png 500w, https:\/\/amalurraestetika.com\/wp-content\/uploads\/2024\/07\/nataloe_arnica-removebg-preview-300x300.png 300w, https:\/\/amalurraestetika.com\/wp-content\/uploads\/2024\/07\/nataloe_arnica-removebg-preview-150x150.png 150w, https:\/\/amalurraestetika.com\/wp-content\/uploads\/2024\/07\/nataloe_arnica-removebg-preview-12x12.png 12w, https:\/\/amalurraestetika.com\/wp-content\/uploads\/2024\/07\/nataloe_arnica-removebg-preview-100x100.png 100w\" sizes=\"(max-width: 500px) 100vw, 500px\" \/>\t\t\t\t\t\t\t\t\t\t\t\t\t\t\t<\/div>\n\t\t\t\t<\/div>\n\t\t\t\t<div class=\"elementor-element elementor-element-3b01fb2 elementor-widget elementor-widget-heading\" data-id=\"3b01fb2\" data-element_type=\"widget\" data-e-type=\"widget\" data-widget_type=\"heading.default\">\n\t\t\t\t<div class=\"elementor-widget-container\">\n\t\t\t\t\t<h2 class=\"elementor-heading-title elementor-size-default\">Crema nutritiva Nataloe &amp; \u00c1rnica<\/h2>\t\t\t\t<\/div>\n\t\t\t\t<\/div>\n\t\t\t\t<div class=\"elementor-element elementor-element-c05fc02 elementor-widget elementor-widget-heading\" data-id=\"c05fc02\" data-element_type=\"widget\" data-e-type=\"widget\" data-widget_type=\"heading.default\">\n\t\t\t\t<div class=\"elementor-widget-container\">\n\t\t\t\t\t<h2 class=\"elementor-heading-title elementor-size-default\">19,95\u20ac<\/h2>\t\t\t\t<\/div>\n\t\t\t\t<\/div>\n\t\t\t\t<\/div>\n\t\t<div class=\"elementor-element elementor-element-93323ed e-con-full e-flex e-con e-child\" data-id=\"93323ed\" data-element_type=\"container\" data-e-type=\"container\" data-settings=\"{&quot;background_background&quot;:&quot;classic&quot;}\">\n\t\t\t\t<div class=\"elementor-element elementor-element-1b08969 elementor-widget elementor-widget-image\" data-id=\"1b08969\" data-element_type=\"widget\" data-e-type=\"widget\" data-widget_type=\"image.default\">\n\t\t\t\t<div class=\"elementor-widget-container\">\n\t\t\t\t\t\t\t\t\t\t\t\t\t\t\t<img decoding=\"async\" width=\"381\" height=\"492\" src=\"https:\/\/amalurraestetika.com\/wp-content\/uploads\/2024\/07\/pure-aloe-arnica-gel-removebg-preview.png\" class=\"attachment-large size-large wp-image-1014\" alt=\"\" srcset=\"https:\/\/amalurraestetika.com\/wp-content\/uploads\/2024\/07\/pure-aloe-arnica-gel-removebg-preview.png 381w, https:\/\/amalurraestetika.com\/wp-content\/uploads\/2024\/07\/pure-aloe-arnica-gel-removebg-preview-232x300.png 232w, https:\/\/amalurraestetika.com\/wp-content\/uploads\/2024\/07\/pure-aloe-arnica-gel-removebg-preview-9x12.png 9w\" sizes=\"(max-width: 381px) 100vw, 381px\" \/>\t\t\t\t\t\t\t\t\t\t\t\t\t\t\t<\/div>\n\t\t\t\t<\/div>\n\t\t\t\t<div class=\"elementor-element elementor-element-6333d1d elementor-widget elementor-widget-heading\" data-id=\"6333d1d\" data-element_type=\"widget\" data-e-type=\"widget\" data-widget_type=\"heading.default\">\n\t\t\t\t<div class=\"elementor-widget-container\">\n\t\t\t\t\t<h2 class=\"elementor-heading-title elementor-size-default\">Gel Pure Aloe &amp; \u00c1rnica<\/h2>\t\t\t\t<\/div>\n\t\t\t\t<\/div>\n\t\t\t\t<div class=\"elementor-element elementor-element-8c5fade elementor-widget elementor-widget-heading\" data-id=\"8c5fade\" data-element_type=\"widget\" data-e-type=\"widget\" data-widget_type=\"heading.default\">\n\t\t\t\t<div class=\"elementor-widget-container\">\n\t\t\t\t\t<h2 class=\"elementor-heading-title elementor-size-default\">19,95\u20ac<\/h2>\t\t\t\t<\/div>\n\t\t\t\t<\/div>\n\t\t\t\t<\/div>\n\t\t<div class=\"elementor-element elementor-element-0e537fc e-con-full e-flex e-con e-child\" data-id=\"0e537fc\" data-element_type=\"container\" data-e-type=\"container\" data-settings=\"{&quot;background_background&quot;:&quot;classic&quot;}\">\n\t\t\t\t<div class=\"elementor-element elementor-element-65b455c elementor-widget elementor-widget-image\" data-id=\"65b455c\" data-element_type=\"widget\" data-e-type=\"widget\" data-widget_type=\"image.default\">\n\t\t\t\t<div class=\"elementor-widget-container\">\n\t\t\t\t\t\t\t\t\t\t\t\t\t\t\t<img decoding=\"async\" width=\"500\" height=\"500\" src=\"https:\/\/amalurraestetika.com\/wp-content\/uploads\/2024\/07\/peeling-di-bambu-removebg-preview.png\" class=\"attachment-large size-large wp-image-1015\" alt=\"\" srcset=\"https:\/\/amalurraestetika.com\/wp-content\/uploads\/2024\/07\/peeling-di-bambu-removebg-preview.png 500w, https:\/\/amalurraestetika.com\/wp-content\/uploads\/2024\/07\/peeling-di-bambu-removebg-preview-300x300.png 300w, https:\/\/amalurraestetika.com\/wp-content\/uploads\/2024\/07\/peeling-di-bambu-removebg-preview-150x150.png 150w, https:\/\/amalurraestetika.com\/wp-content\/uploads\/2024\/07\/peeling-di-bambu-removebg-preview-12x12.png 12w, https:\/\/amalurraestetika.com\/wp-content\/uploads\/2024\/07\/peeling-di-bambu-removebg-preview-100x100.png 100w\" sizes=\"(max-width: 500px) 100vw, 500px\" \/>\t\t\t\t\t\t\t\t\t\t\t\t\t\t\t<\/div>\n\t\t\t\t<\/div>\n\t\t\t\t<div class=\"elementor-element elementor-element-7d80de2 elementor-widget elementor-widget-heading\" data-id=\"7d80de2\" data-element_type=\"widget\" data-e-type=\"widget\" data-widget_type=\"heading.default\">\n\t\t\t\t<div class=\"elementor-widget-container\">\n\t\t\t\t\t<h2 class=\"elementor-heading-title elementor-size-default\">Peeling di Bamb\u00fa <\/h2>\t\t\t\t<\/div>\n\t\t\t\t<\/div>\n\t\t\t\t<div class=\"elementor-element elementor-element-4f9322a elementor-widget elementor-widget-heading\" data-id=\"4f9322a\" data-element_type=\"widget\" data-e-type=\"widget\" data-widget_type=\"heading.default\">\n\t\t\t\t<div class=\"elementor-widget-container\">\n\t\t\t\t\t<h2 class=\"elementor-heading-title elementor-size-default\">33,35\u20ac<\/h2>\t\t\t\t<\/div>\n\t\t\t\t<\/div>\n\t\t\t\t<\/div>\n\t\t\t\t\t<\/div>\n\t\t\t\t<\/div>\n\t\t\t\t<\/div>","protected":false},"excerpt":{"rendered":"<p>Crema nutritiva Nataloe &#038; \u00c1rnica 19,95\u20ac Gel Pure Aloe &#038; \u00c1rnica 19,95\u20ac Peeling di Bamb\u00fa 33,35\u20ac<\/p>","protected":false},"author":1,"featured_media":0,"parent":0,"menu_order":0,"comment_status":"closed","ping_status":"closed","template":"elementor_canvas","meta":{"footnotes":""},"class_list":["post-157","page","type-page","status-publish","hentry"],"yoast_head":"<!-- This site is optimized with the Yoast SEO plugin v27.6 - https:\/\/yoast.com\/product\/yoast-seo-wordpress\/ -->\n<title>Corporales - Amalurra Estetika<\/title>\n<meta name=\"robots\" content=\"index, follow, max-snippet:-1, max-image-preview:large, max-video-preview:-1\" \/>\n<link rel=\"canonical\" href=\"https:\/\/amalurraestetika.com\/eus\/corporales\/\" \/>\n<meta property=\"og:locale\" content=\"en_US\" \/>\n<meta property=\"og:type\" content=\"article\" \/>\n<meta property=\"og:title\" content=\"Corporales - Amalurra Estetika\" \/>\n<meta property=\"og:description\" content=\"Crema nutritiva Nataloe &#038; \u00c1rnica 19,95\u20ac Gel Pure Aloe &#038; \u00c1rnica 19,95\u20ac Peeling di Bamb\u00fa 33,35\u20ac\" \/>\n<meta property=\"og:url\" content=\"https:\/\/amalurraestetika.com\/eus\/corporales\/\" \/>\n<meta property=\"og:site_name\" content=\"Amalurra Estetika\" \/>\n<meta property=\"article:modified_time\" content=\"2024-07-17T16:03:37+00:00\" \/>\n<meta property=\"og:image\" content=\"https:\/\/amalurraestetika.com\/wp-content\/uploads\/2024\/07\/nataloe_arnica-removebg-preview.png\" \/>\n<meta name=\"twitter:card\" content=\"summary_large_image\" \/>\n<meta name=\"twitter:label1\" content=\"Est. reading time\" \/>\n\t<meta name=\"twitter:data1\" content=\"1 minutua\" \/>\n<script type=\"application\/ld+json\" class=\"yoast-schema-graph\">{\"@context\":\"https:\\\/\\\/schema.org\",\"@graph\":[{\"@type\":\"WebPage\",\"@id\":\"https:\\\/\\\/amalurraestetika.com\\\/corporales\\\/\",\"url\":\"https:\\\/\\\/amalurraestetika.com\\\/corporales\\\/\",\"name\":\"Corporales - Amalurra Estetika\",\"isPartOf\":{\"@id\":\"https:\\\/\\\/amalurraestetika.com\\\/#website\"},\"primaryImageOfPage\":{\"@id\":\"https:\\\/\\\/amalurraestetika.com\\\/corporales\\\/#primaryimage\"},\"image\":{\"@id\":\"https:\\\/\\\/amalurraestetika.com\\\/corporales\\\/#primaryimage\"},\"thumbnailUrl\":\"https:\\\/\\\/amalurraestetika.com\\\/wp-content\\\/uploads\\\/2024\\\/07\\\/nataloe_arnica-removebg-preview.png\",\"datePublished\":\"2024-06-27T11:44:23+00:00\",\"dateModified\":\"2024-07-17T16:03:37+00:00\",\"breadcrumb\":{\"@id\":\"https:\\\/\\\/amalurraestetika.com\\\/corporales\\\/#breadcrumb\"},\"inLanguage\":\"eu\",\"potentialAction\":[{\"@type\":\"ReadAction\",\"target\":[\"https:\\\/\\\/amalurraestetika.com\\\/corporales\\\/\"]}]},{\"@type\":\"ImageObject\",\"inLanguage\":\"eu\",\"@id\":\"https:\\\/\\\/amalurraestetika.com\\\/corporales\\\/#primaryimage\",\"url\":\"https:\\\/\\\/amalurraestetika.com\\\/wp-content\\\/uploads\\\/2024\\\/07\\\/nataloe_arnica-removebg-preview.png\",\"contentUrl\":\"https:\\\/\\\/amalurraestetika.com\\\/wp-content\\\/uploads\\\/2024\\\/07\\\/nataloe_arnica-removebg-preview.png\"},{\"@type\":\"BreadcrumbList\",\"@id\":\"https:\\\/\\\/amalurraestetika.com\\\/corporales\\\/#breadcrumb\",\"itemListElement\":[{\"@type\":\"ListItem\",\"position\":1,\"name\":\"Portada\",\"item\":\"https:\\\/\\\/amalurraestetika.com\\\/\"},{\"@type\":\"ListItem\",\"position\":2,\"name\":\"Corporales\"}]},{\"@type\":\"WebSite\",\"@id\":\"https:\\\/\\\/amalurraestetika.com\\\/#website\",\"url\":\"https:\\\/\\\/amalurraestetika.com\\\/\",\"name\":\"Amalurra Estetika\",\"description\":\"En Amalurra Estetika nos dedicamos a proporcionar una experiencia \u00fanica que equilibra mente, cuerpo y alma a trav\u00e9s de pr\u00e1cticas naturales y sostenibles. Creemos firmemente en los beneficios de utilizar cosm\u00e9ticos org\u00e1nicos, veganos y libres de crueldad para tu piel, y nuestro compromiso con pr\u00e1cticas \u00e9ticas y respetuosas con el medio ambiente es un pilar de nuestra filosof\u00eda. Ven y descubre todo lo que tenemos para ofrecer y disfruta de un momento especial en nuestro oasis de bienestar.\",\"publisher\":{\"@id\":\"https:\\\/\\\/amalurraestetika.com\\\/#organization\"},\"potentialAction\":[{\"@type\":\"SearchAction\",\"target\":{\"@type\":\"EntryPoint\",\"urlTemplate\":\"https:\\\/\\\/amalurraestetika.com\\\/?s={search_term_string}\"},\"query-input\":{\"@type\":\"PropertyValueSpecification\",\"valueRequired\":true,\"valueName\":\"search_term_string\"}}],\"inLanguage\":\"eu\"},{\"@type\":\"Organization\",\"@id\":\"https:\\\/\\\/amalurraestetika.com\\\/#organization\",\"name\":\"Amalurra Estetika\",\"url\":\"https:\\\/\\\/amalurraestetika.com\\\/\",\"logo\":{\"@type\":\"ImageObject\",\"inLanguage\":\"eu\",\"@id\":\"https:\\\/\\\/amalurraestetika.com\\\/#\\\/schema\\\/logo\\\/image\\\/\",\"url\":\"https:\\\/\\\/amalurraestetika.com\\\/wp-content\\\/uploads\\\/2024\\\/07\\\/cropped-Amalurra_color-original.png\",\"contentUrl\":\"https:\\\/\\\/amalurraestetika.com\\\/wp-content\\\/uploads\\\/2024\\\/07\\\/cropped-Amalurra_color-original.png\",\"width\":709,\"height\":326,\"caption\":\"Amalurra Estetika\"},\"image\":{\"@id\":\"https:\\\/\\\/amalurraestetika.com\\\/#\\\/schema\\\/logo\\\/image\\\/\"}}]}<\/script>\n<!-- \/ Yoast SEO plugin. -->","yoast_head_json":{"title":"Corporales - Amalurra Estetika","robots":{"index":"index","follow":"follow","max-snippet":"max-snippet:-1","max-image-preview":"max-image-preview:large","max-video-preview":"max-video-preview:-1"},"canonical":"https:\/\/amalurraestetika.com\/eus\/corporales\/","og_locale":"en_US","og_type":"article","og_title":"Corporales - Amalurra Estetika","og_description":"Crema nutritiva Nataloe &#038; \u00c1rnica 19,95\u20ac Gel Pure Aloe &#038; \u00c1rnica 19,95\u20ac Peeling di Bamb\u00fa 33,35\u20ac","og_url":"https:\/\/amalurraestetika.com\/eus\/corporales\/","og_site_name":"Amalurra Estetika","article_modified_time":"2024-07-17T16:03:37+00:00","og_image":[{"url":"https:\/\/amalurraestetika.com\/wp-content\/uploads\/2024\/07\/nataloe_arnica-removebg-preview.png","type":"","width":"","height":""}],"twitter_card":"summary_large_image","twitter_misc":{"Est. reading time":"1 minutua"},"schema":{"@context":"https:\/\/schema.org","@graph":[{"@type":"WebPage","@id":"https:\/\/amalurraestetika.com\/corporales\/","url":"https:\/\/amalurraestetika.com\/corporales\/","name":"Corporales - Amalurra Estetika","isPartOf":{"@id":"https:\/\/amalurraestetika.com\/#website"},"primaryImageOfPage":{"@id":"https:\/\/amalurraestetika.com\/corporales\/#primaryimage"},"image":{"@id":"https:\/\/amalurraestetika.com\/corporales\/#primaryimage"},"thumbnailUrl":"https:\/\/amalurraestetika.com\/wp-content\/uploads\/2024\/07\/nataloe_arnica-removebg-preview.png","datePublished":"2024-06-27T11:44:23+00:00","dateModified":"2024-07-17T16:03:37+00:00","breadcrumb":{"@id":"https:\/\/amalurraestetika.com\/corporales\/#breadcrumb"},"inLanguage":"eu","potentialAction":[{"@type":"ReadAction","target":["https:\/\/amalurraestetika.com\/corporales\/"]}]},{"@type":"ImageObject","inLanguage":"eu","@id":"https:\/\/amalurraestetika.com\/corporales\/#primaryimage","url":"https:\/\/amalurraestetika.com\/wp-content\/uploads\/2024\/07\/nataloe_arnica-removebg-preview.png","contentUrl":"https:\/\/amalurraestetika.com\/wp-content\/uploads\/2024\/07\/nataloe_arnica-removebg-preview.png"},{"@type":"BreadcrumbList","@id":"https:\/\/amalurraestetika.com\/corporales\/#breadcrumb","itemListElement":[{"@type":"ListItem","position":1,"name":"Portada","item":"https:\/\/amalurraestetika.com\/"},{"@type":"ListItem","position":2,"name":"Corporales"}]},{"@type":"WebSite","@id":"https:\/\/amalurraestetika.com\/#website","url":"https:\/\/amalurraestetika.com\/","name":"Amalurra Estetika","description":"Amalurra Estetika-n, praktika natural eta iraunkorren bidez adimena, gorputza eta arima orekatzen dituen esperientzia paregabea eskaintzen dihardugu. Uste sendoa dugu kosmetiko organikoak, beganoak eta krudelkeriarik gabekoak erabiltzearen onuretan, eta ingurumena errespetatzen duten praktika etikoekin dugun konpromisoa gure filosofiaren zutabe bat da. Zatoz eta ezagutu eskaintzeko dugun guztia eta gozatu une berezi batez gure ongizate-oasian.","publisher":{"@id":"https:\/\/amalurraestetika.com\/#organization"},"potentialAction":[{"@type":"SearchAction","target":{"@type":"EntryPoint","urlTemplate":"https:\/\/amalurraestetika.com\/?s={search_term_string}"},"query-input":{"@type":"PropertyValueSpecification","valueRequired":true,"valueName":"search_term_string"}}],"inLanguage":"eu"},{"@type":"Organization","@id":"https:\/\/amalurraestetika.com\/#organization","name":"Amalurra Estetika","url":"https:\/\/amalurraestetika.com\/","logo":{"@type":"ImageObject","inLanguage":"eu","@id":"https:\/\/amalurraestetika.com\/#\/schema\/logo\/image\/","url":"https:\/\/amalurraestetika.com\/wp-content\/uploads\/2024\/07\/cropped-Amalurra_color-original.png","contentUrl":"https:\/\/amalurraestetika.com\/wp-content\/uploads\/2024\/07\/cropped-Amalurra_color-original.png","width":709,"height":326,"caption":"Amalurra Estetika"},"image":{"@id":"https:\/\/amalurraestetika.com\/#\/schema\/logo\/image\/"}}]}},"_links":{"self":[{"href":"https:\/\/amalurraestetika.com\/eus\/wp-json\/wp\/v2\/pages\/157","targetHints":{"allow":["GET"]}}],"collection":[{"href":"https:\/\/amalurraestetika.com\/eus\/wp-json\/wp\/v2\/pages"}],"about":[{"href":"https:\/\/amalurraestetika.com\/eus\/wp-json\/wp\/v2\/types\/page"}],"author":[{"embeddable":true,"href":"https:\/\/amalurraestetika.com\/eus\/wp-json\/wp\/v2\/users\/1"}],"replies":[{"embeddable":true,"href":"https:\/\/amalurraestetika.com\/eus\/wp-json\/wp\/v2\/comments?post=157"}],"version-history":[{"count":37,"href":"https:\/\/amalurraestetika.com\/eus\/wp-json\/wp\/v2\/pages\/157\/revisions"}],"predecessor-version":[{"id":1517,"href":"https:\/\/amalurraestetika.com\/eus\/wp-json\/wp\/v2\/pages\/157\/revisions\/1517"}],"wp:attachment":[{"href":"https:\/\/amalurraestetika.com\/eus\/wp-json\/wp\/v2\/media?parent=157"}],"curies":[{"name":"wp","href":"https:\/\/api.w.org\/{rel}","templated":true}]}}